{"id":76,"date":"2024-10-27T22:55:31","date_gmt":"2024-10-27T22:55:31","guid":{"rendered":"https:\/\/thetechnicalcorps.com\/?page_id=76"},"modified":"2024-10-27T22:56:51","modified_gmt":"2024-10-27T22:56:51","slug":"bianchi-dadda","status":"publish","type":"page","link":"https:\/\/thetechnicalcorps.com\/?page_id=76","title":{"rendered":"Bianchi d\u2019Adda"},"content":{"rendered":"\n<p><strong>Giovanni Battista Bianchi d\u2019Adda (Parabiago, 6 September 1748 -1830)<\/strong><\/p>\n\n\n\n<p><br>Patrician, he enrolled as a second lieutenant in Austrian service in 1774, was promoted to full lieutenant in 1779, to captain in 1784, and attained the rank of major in 1791. In 1797 he resigned and was promoted to brigade chief, taking command of the second division (artillery and engineering corps) of the Cisalpine War Office. He became War Minister on 22 February 1799, a post he held up to 25 September 1800. On 4 October 1800 he was promoted brigadier, on 27 July 1801 Inspector General of the military engineers. He became War Minister again during the Restoration in May 1814 until 21 July, when the Italian Ministries were suppressed. He wrote many memoirs on fortification: <em>Nouveau syst\u00e8me de contremines Sous le glacis d&#8217;une place d\u00e9fendue par le moyen des Fourneaux charg\u00e9s et bourr\u00e9s \u00e0 l&#8217;avance Contre les attaques du Globe de compression et des fourneaux sans bourrage<\/em>, 1807; <em>Nouvelle disposition de mines d\u00e9fensives sous le glacis des lunettes avanc\u00e9es compar\u00e9e \u00e0 la disposition de Mouz\u00e9<\/em>, 1808; <em>R\u00e9ponses aux remarques du comit\u00e9 des fortifications sur son dernier syst\u00e8me de mines d\u00e9fensives<\/em> and <em>Nouveau syst\u00e8me de contremines sous le glacis d&#8217;une place<\/em>, 13 April 1813, ms. in SHD 1 V R 32, n\u00b0 19, 20, 25 e 27. (Cf. MSA WO 1392, 541, 2018. Spinelli, Franco Alfonso. 1928. <em>G. B. Bianchi d&#8217;Adda ne gli anni 1774-1814. Da Sottotenente del Genio Austriaco a Ministro de la Guerra nel Regno Italico<\/em>. Varese: Tip. Arc. Dell&#8217;Addolorata).<\/p>\n","protected":false},"excerpt":{"rendered":"<p>Giovanni Battista Bianchi d\u2019Adda (Parabiago, 6 September 1748 -1830) Patrician, he enrolled as a second lieutenant in Austrian service in 1774, was promoted to full lieutenant in 1779, to captain in 1784, and attained the rank of major in 1791. In 1797 he resigned and was promoted to brigade chief, taking command of the second [&hellip;]<\/p>\n","protected":false},"author":1,"featured_media":0,"parent":53,"menu_order":0,"comment_status":"closed","ping_status":"closed","template":"","meta":{"footnotes":""},"class_list":["post-76","page","type-page","status-publish","hentry"],"_links":{"self":[{"href":"https:\/\/thetechnicalcorps.com\/index.php?rest_route=\/wp\/v2\/pages\/76","targetHints":{"allow":["GET"]}}],"collection":[{"href":"https:\/\/thetechnicalcorps.com\/index.php?rest_route=\/wp\/v2\/pages"}],"about":[{"href":"https:\/\/thetechnicalcorps.com\/index.php?rest_route=\/wp\/v2\/types\/page"}],"author":[{"embeddable":true,"href":"https:\/\/thetechnicalcorps.com\/index.php?rest_route=\/wp\/v2\/users\/1"}],"replies":[{"embeddable":true,"href":"https:\/\/thetechnicalcorps.com\/index.php?rest_route=%2Fwp%2Fv2%2Fcomments&post=76"}],"version-history":[{"count":1,"href":"https:\/\/thetechnicalcorps.com\/index.php?rest_route=\/wp\/v2\/pages\/76\/revisions"}],"predecessor-version":[{"id":77,"href":"https:\/\/thetechnicalcorps.com\/index.php?rest_route=\/wp\/v2\/pages\/76\/revisions\/77"}],"up":[{"embeddable":true,"href":"https:\/\/thetechnicalcorps.com\/index.php?rest_route=\/wp\/v2\/pages\/53"}],"wp:attachment":[{"href":"https:\/\/thetechnicalcorps.com\/index.php?rest_route=%2Fwp%2Fv2%2Fmedia&parent=76"}],"curies":[{"name":"wp","href":"https:\/\/api.w.org\/{rel}","templated":true}]}}