{"id":53,"date":"2024-10-23T17:46:44","date_gmt":"2024-10-23T17:46:44","guid":{"rendered":"https:\/\/thetechnicalcorps.com\/?page_id=53"},"modified":"2024-11-24T21:18:28","modified_gmt":"2024-11-24T20:18:28","slug":"biographies","status":"publish","type":"page","link":"https:\/\/thetechnicalcorps.com\/?page_id=53","title":{"rendered":"Biographies"},"content":{"rendered":"\n<figure class=\"wp-block-image size-large\"><img fetchpriority=\"high\" decoding=\"async\" width=\"1024\" height=\"206\" src=\"https:\/\/thetechnicalcorps.com\/wp-content\/uploads\/2024\/10\/danzing_1640x330px-1024x206.jpg\" alt=\"\" class=\"wp-image-336\" srcset=\"https:\/\/thetechnicalcorps.com\/wp-content\/uploads\/2024\/10\/danzing_1640x330px-1024x206.jpg 1024w, https:\/\/thetechnicalcorps.com\/wp-content\/uploads\/2024\/10\/danzing_1640x330px-300x60.jpg 300w, https:\/\/thetechnicalcorps.com\/wp-content\/uploads\/2024\/10\/danzing_1640x330px-768x155.jpg 768w, https:\/\/thetechnicalcorps.com\/wp-content\/uploads\/2024\/10\/danzing_1640x330px-1536x309.jpg 1536w, https:\/\/thetechnicalcorps.com\/wp-content\/uploads\/2024\/10\/danzing_1640x330px.jpg 1640w\" sizes=\"(max-width: 1024px) 100vw, 1024px\" \/><\/figure>\n\n\n\n<p><strong>List of technical corps officers cited in the book who served during the Revolutionary and Napoleonic Wars<\/strong><\/p>\n\n\n\n<p><strong>Officers in French service<\/strong> (see mainly: Six, Georges. 1934. <em>Dictionnaire Biographique des g\u00e9n\u00e9raux et amiraux fran\u00e7ais de la R\u00e9volution et de l\u2019Empire (1792-1814)<\/em>. Paris: G. Saffroy, 2 vols.)<\/p>\n\n\n\n<ul class=\"wp-block-list\">\n<li><a href=\"https:\/\/thetechnicalcorps.com\/?page_id=173\" data-type=\"page\" data-id=\"173\">D\u2019Aboville, Fran\u00e7ois-Marie<\/a><\/li>\n\n\n\n<li><a href=\"https:\/\/thetechnicalcorps.com\/?page_id=181\" data-type=\"page\" data-id=\"181\">Allent, Pierre Alexandre Joseph<\/a><\/li>\n\n\n\n<li><a href=\"https:\/\/thetechnicalcorps.com\/?page_id=184\" data-type=\"page\" data-id=\"184\">Allix de Vaux, Jacques Alexandre Fran\u00e7ois<\/a><\/li>\n\n\n\n<li><a href=\"https:\/\/thetechnicalcorps.com\/?page_id=187\" data-type=\"page\" data-id=\"187\">Andr\u00e9ossy, Antoine Fran\u00e7ois<\/a><\/li>\n\n\n\n<li><a href=\"https:\/\/thetechnicalcorps.com\/?page_id=178\" data-type=\"page\" data-id=\"178\">D\u2019Anthouard de Vraincourt, Charles Nicolas<\/a><\/li>\n\n\n\n<li><a href=\"https:\/\/thetechnicalcorps.com\/?page_id=190\" data-type=\"page\" data-id=\"190\">D\u2019Ar\u00e7on, Jean Claude \u00c9l\u00e9onore le Michaud<\/a><\/li>\n\n\n\n<li><a href=\"https:\/\/thetechnicalcorps.com\/?page_id=193\" data-type=\"page\" data-id=\"193\">Aubry, Fran\u00e7ois<\/a><\/li>\n\n\n\n<li><a href=\"https:\/\/thetechnicalcorps.com\/?page_id=196\" data-type=\"page\" data-id=\"196\">Bacler d\u2019Albe, Louis Albert Guislain<\/a><\/li>\n\n\n\n<li><a href=\"https:\/\/thetechnicalcorps.com\/?page_id=199\" data-type=\"page\" data-id=\"199\">Bataille, Auguste-Nicolas<\/a><\/li>\n\n\n\n<li><a href=\"https:\/\/thetechnicalcorps.com\/?page_id=202\" data-type=\"page\" data-id=\"202\">Berthier, Louis-Alexandre<\/a><\/li>\n\n\n\n<li><a href=\"https:\/\/thetechnicalcorps.com\/?page_id=205\" data-type=\"page\" data-id=\"205\">Bertrand, Henri-Gatien<\/a><\/li>\n\n\n\n<li><a href=\"https:\/\/thetechnicalcorps.com\/?page_id=170\" data-type=\"page\" data-id=\"170\">Bouchet, Beno\u00eet-Louis<\/a><\/li>\n\n\n\n<li><a href=\"https:\/\/thetechnicalcorps.com\/?page_id=208\" data-type=\"page\" data-id=\"208\">Brossier, Simon-Pierre<\/a><\/li>\n\n\n\n<li><a href=\"https:\/\/thetechnicalcorps.com\/?page_id=211\" data-type=\"page\" data-id=\"211\">Calon, \u00c9tienne-Nicolas de<\/a><\/li>\n\n\n\n<li><a href=\"https:\/\/thetechnicalcorps.com\/?page_id=214\" data-type=\"page\" data-id=\"214\">Campredon, Jacques David Martin de<\/a><\/li>\n\n\n\n<li><a href=\"https:\/\/thetechnicalcorps.com\/?page_id=217\" data-type=\"page\" data-id=\"217\">Carnot, Lazare<\/a><\/li>\n\n\n\n<li><a href=\"https:\/\/thetechnicalcorps.com\/?page_id=220\" data-type=\"page\" data-id=\"220\">Chasseloup Laubat, Fran\u00e7ois de<\/a><\/li>\n\n\n\n<li><a href=\"https:\/\/thetechnicalcorps.com\/?page_id=223\" data-type=\"page\" data-id=\"223\">Clarke, Henry-Jacques-Guillaume<\/a><\/li>\n\n\n\n<li><a href=\"https:\/\/thetechnicalcorps.com\/?page_id=226\" data-type=\"page\" data-id=\"226\">Dejean, Jean-Fran\u00e7ois-Aim\u00e9<\/a><\/li>\n\n\n\n<li><a href=\"https:\/\/thetechnicalcorps.com\/?page_id=229\" data-type=\"page\" data-id=\"229\">Dumas, Mathieu<\/a><\/li>\n\n\n\n<li><a href=\"https:\/\/thetechnicalcorps.com\/?page_id=232\" data-type=\"page\" data-id=\"232\">Duroc, G\u00e9raud Christophe Michel<\/a><\/li>\n\n\n\n<li><a href=\"https:\/\/thetechnicalcorps.com\/?page_id=235\" data-type=\"page\" data-id=\"235\">Ebl\u00e9, Jean-Baptiste<\/a><\/li>\n\n\n\n<li><a href=\"https:\/\/thetechnicalcorps.com\/?page_id=238\" data-type=\"page\" data-id=\"238\">Gassendi, Jean Jacques Basilien<\/a><\/li>\n\n\n\n<li><a href=\"https:\/\/thetechnicalcorps.com\/?page_id=242\" data-type=\"page\" data-id=\"242\">Haxo, Fran\u00e7ois Nicolas Beno\u00eet<\/a><\/li>\n\n\n\n<li><a href=\"https:\/\/thetechnicalcorps.com\/?page_id=245\" data-type=\"page\" data-id=\"245\">Lacombe Saint-Michel, Jean-Pierre<\/a><\/li>\n\n\n\n<li><a href=\"https:\/\/thetechnicalcorps.com\/?page_id=248\" data-type=\"page\" data-id=\"248\">Lariboisi\u00e8re, Jean Ambroise Baston de<\/a><\/li>\n\n\n\n<li><a href=\"https:\/\/thetechnicalcorps.com\/?page_id=253\" data-type=\"page\" data-id=\"253\">Lespinasse, Augustin de<\/a><\/li>\n\n\n\n<li><a href=\"https:\/\/thetechnicalcorps.com\/?page_id=256\" data-type=\"page\" data-id=\"256\">Marescot, Armand Samuel de<\/a><\/li>\n\n\n\n<li><a href=\"https:\/\/thetechnicalcorps.com\/?page_id=259\" data-type=\"page\" data-id=\"259\">Marmont, Auguste Fr\u00e9d\u00e9ric Louis Viesse de<\/a><\/li>\n\n\n\n<li><a href=\"https:\/\/thetechnicalcorps.com\/?page_id=262\" data-type=\"page\" data-id=\"262\">Milet Mureau, Louis Marie Antoine Destouff de<\/a><\/li>\n\n\n\n<li><a href=\"https:\/\/thetechnicalcorps.com\/?page_id=268\" data-type=\"page\" data-id=\"268\">Pascal-Vallongue, Joseph S\u00e9cret<\/a><\/li>\n\n\n\n<li><a href=\"https:\/\/thetechnicalcorps.com\/?page_id=271\" data-type=\"page\" data-id=\"271\">Pelet-Clozeau, Jean-Jacques-Germain<\/a><\/li>\n\n\n\n<li><a href=\"https:\/\/thetechnicalcorps.com\/?page_id=274\" data-type=\"page\" data-id=\"274\">Pommereul, Fran\u00e7ois-Ren\u00e9-Jean de<\/a><\/li>\n\n\n\n<li><a href=\"https:\/\/thetechnicalcorps.com\/?page_id=277\" data-type=\"page\" data-id=\"277\">Puissant, Louis<\/a><\/li>\n\n\n\n<li><a href=\"https:\/\/thetechnicalcorps.com\/?page_id=280\" data-type=\"page\" data-id=\"280\">Sanson, Nicolas-Antoine<\/a><\/li>\n\n\n\n<li><a href=\"https:\/\/thetechnicalcorps.com\/?page_id=284\" data-type=\"page\" data-id=\"284\">Songis des Courbons, Nicolas Marie<\/a><\/li>\n\n\n\n<li><a href=\"https:\/\/thetechnicalcorps.com\/?page_id=287\" data-type=\"page\" data-id=\"287\">Sorbier, Jean-Barth\u00e9lemot<\/a><\/li>\n<\/ul>\n\n\n\n<p><strong>Officers in Italian service not hailing from the Modena school<\/strong><\/p>\n\n\n\n<ul class=\"wp-block-list\">\n<li><a href=\"https:\/\/thetechnicalcorps.com\/?page_id=65\" data-type=\"page\" data-id=\"65\">Begani, Alessandro<\/a><\/li>\n\n\n\n<li><a href=\"https:\/\/thetechnicalcorps.com\/?page_id=71\" data-type=\"page\" data-id=\"71\">Beroaldi Bianchini, Natale <\/a><\/li>\n\n\n\n<li><a href=\"https:\/\/thetechnicalcorps.com\/?page_id=76\" data-type=\"page\" data-id=\"76\">Bianchi d\u2019Adda, Giovanni Battista<\/a><\/li>\n\n\n\n<li><a href=\"https:\/\/thetechnicalcorps.com\/?page_id=79\" data-type=\"page\" data-id=\"79\">Bidasio Imberti, Ruggero<\/a><\/li>\n\n\n\n<li><a href=\"https:\/\/thetechnicalcorps.com\/?page_id=83\" data-type=\"page\" data-id=\"83\">Brioschi, Carlo<\/a><\/li>\n\n\n\n<li><a href=\"https:\/\/thetechnicalcorps.com\/?page_id=86\" data-type=\"page\" data-id=\"86\">Caccianino, Antonio<\/a><\/li>\n\n\n\n<li><a href=\"https:\/\/thetechnicalcorps.com\/?page_id=89\" data-type=\"page\" data-id=\"89\">Calori Stremiti, Giovanni Paolo<\/a><\/li>\n\n\n\n<li><a href=\"https:\/\/thetechnicalcorps.com\/?page_id=92\" data-type=\"page\" data-id=\"92\">Campana, Antonio Gaspare<\/a><\/li>\n\n\n\n<li><a href=\"https:\/\/thetechnicalcorps.com\/?page_id=95\" data-type=\"page\" data-id=\"95\">Canziani, Fabio<\/a><\/li>\n\n\n\n<li><a href=\"https:\/\/thetechnicalcorps.com\/?page_id=98\" data-type=\"page\" data-id=\"98\">Colli, Angelo Maria<\/a><\/li>\n\n\n\n<li><a href=\"https:\/\/thetechnicalcorps.com\/?page_id=101\" data-type=\"page\" data-id=\"101\">Danna, Sebastiano Giuseppe<\/a><\/li>\n\n\n\n<li><a href=\"https:\/\/thetechnicalcorps.com\/?page_id=104\" data-type=\"page\" data-id=\"104\">Denaix, Maxime-Auguste<\/a><\/li>\n\n\n\n<li><a href=\"https:\/\/thetechnicalcorps.com\/?page_id=107\" data-type=\"page\" data-id=\"107\">Fe, Giovanni Battista<\/a><\/li>\n\n\n\n<li><a href=\"https:\/\/thetechnicalcorps.com\/?page_id=110\" data-type=\"page\" data-id=\"110\">Galateo, Anton Claudio<\/a><\/li>\n\n\n\n<li><a href=\"https:\/\/thetechnicalcorps.com\/?page_id=114\" data-type=\"page\" data-id=\"114\">Giacosa, Vincenzo<\/a><\/li>\n\n\n\n<li><a href=\"https:\/\/thetechnicalcorps.com\/?page_id=117\" data-type=\"page\" data-id=\"117\">Giulietti, Francesco<\/a><\/li>\n\n\n\n<li><a href=\"https:\/\/thetechnicalcorps.com\/?page_id=120\" data-type=\"page\" data-id=\"120\">Gorio, Benedetto<\/a><\/li>\n\n\n\n<li><a href=\"https:\/\/thetechnicalcorps.com\/?page_id=123\" data-type=\"page\" data-id=\"123\">Grisetti, Pietro<\/a><\/li>\n\n\n\n<li><a href=\"https:\/\/thetechnicalcorps.com\/?page_id=126\" data-type=\"page\" data-id=\"126\">Guillaume de Vaudoncourt, Fr\u00e9d\u00e9ric-Fran\u00e7ois<\/a><\/li>\n\n\n\n<li><a href=\"https:\/\/thetechnicalcorps.com\/?page_id=129\" data-type=\"page\" data-id=\"129\">Henry, Lazare<\/a><\/li>\n\n\n\n<li><a href=\"https:\/\/thetechnicalcorps.com\/?page_id=132\" data-type=\"page\" data-id=\"132\">La Carte, Alfred-Auguste de la Fert\u00e9 Senceterre<\/a><\/li>\n\n\n\n<li><a href=\"https:\/\/thetechnicalcorps.com\/?page_id=135\" data-type=\"page\" data-id=\"135\">La Halle, Charles Fran\u00e7ois<\/a><\/li>\n\n\n\n<li><a href=\"https:\/\/thetechnicalcorps.com\/?page_id=138\" data-type=\"page\" data-id=\"138\">Labaume, Eug\u00e8ne<\/a><\/li>\n\n\n\n<li><a href=\"https:\/\/thetechnicalcorps.com\/?page_id=141\" data-type=\"page\" data-id=\"141\">Lalance, Alexandre<\/a><\/li>\n\n\n\n<li><a href=\"https:\/\/thetechnicalcorps.com\/?page_id=145\" data-type=\"page\" data-id=\"145\">Macdonald, Francesco Cetteo<\/a><\/li>\n\n\n\n<li><a href=\"https:\/\/thetechnicalcorps.com\/?page_id=148\" data-type=\"page\" data-id=\"148\">Maffei, Giuseppe<\/a><\/li>\n\n\n\n<li><a href=\"https:\/\/thetechnicalcorps.com\/?page_id=151\" data-type=\"page\" data-id=\"151\">Montella, Pompeo<\/a><\/li>\n\n\n\n<li><a href=\"https:\/\/thetechnicalcorps.com\/?page_id=154\" data-type=\"page\" data-id=\"154\">Motta, Francesco Raffaele<\/a><\/li>\n\n\n\n<li><a href=\"https:\/\/thetechnicalcorps.com\/?page_id=157\" data-type=\"page\" data-id=\"157\">Muggiasca, Vincenzo<\/a><\/li>\n\n\n\n<li><a href=\"https:\/\/thetechnicalcorps.com\/?page_id=160\" data-type=\"page\" data-id=\"160\">Pampani, Francesco<\/a><\/li>\n\n\n\n<li><a href=\"https:\/\/thetechnicalcorps.com\/?page_id=164\" data-type=\"page\" data-id=\"164\">Pampani, Giulio<\/a><\/li>\n\n\n\n<li><a href=\"https:\/\/thetechnicalcorps.com\/?page_id=167\" data-type=\"page\" data-id=\"167\">Patroni, Giuseppe<\/a><\/li>\n\n\n\n<li><a href=\"https:\/\/thetechnicalcorps.com\/?page_id=290\" data-type=\"page\" data-id=\"290\">Psalidi, Filippo<\/a><\/li>\n\n\n\n<li><a href=\"https:\/\/thetechnicalcorps.com\/?page_id=293\" data-type=\"page\" data-id=\"293\">Ran\u00e7on, Bernard<\/a><\/li>\n\n\n\n<li><a href=\"https:\/\/thetechnicalcorps.com\/?page_id=296\" data-type=\"page\" data-id=\"296\">Riccio, Giuseppe<\/a><\/li>\n\n\n\n<li><a href=\"https:\/\/thetechnicalcorps.com\/?page_id=299\" data-type=\"page\" data-id=\"299\">Rodriguez, Ferdinando<\/a><\/li>\n\n\n\n<li><a href=\"https:\/\/thetechnicalcorps.com\/?page_id=302\" data-type=\"page\" data-id=\"302\">Rolando, Carlo Felice<\/a><\/li>\n\n\n\n<li><a href=\"https:\/\/thetechnicalcorps.com\/?page_id=305\" data-type=\"page\" data-id=\"305\">Rossi, Giuseppe Girolamo<\/a><\/li>\n\n\n\n<li><a href=\"https:\/\/thetechnicalcorps.com\/?page_id=308\" data-type=\"page\" data-id=\"308\">Salimbeni, Leonardo<\/a><\/li>\n\n\n\n<li><a href=\"https:\/\/thetechnicalcorps.com\/?page_id=311\" data-type=\"page\" data-id=\"311\">Sicuro, Costantino<\/a><\/li>\n\n\n\n<li><a href=\"https:\/\/thetechnicalcorps.com\/?page_id=314\" data-type=\"page\" data-id=\"314\">Tibell, Gustaf Wilhelm<\/a><\/li>\n\n\n\n<li><a href=\"https:\/\/thetechnicalcorps.com\/?page_id=317\" data-type=\"page\" data-id=\"317\">Tramarini, Girolamo<\/a><\/li>\n\n\n\n<li><a href=\"https:\/\/thetechnicalcorps.com\/?page_id=320\" data-type=\"page\" data-id=\"320\">Tricquenot, Jean-Baptiste<\/a><\/li>\n\n\n\n<li><a href=\"https:\/\/thetechnicalcorps.com\/?page_id=323\" data-type=\"page\" data-id=\"323\">Verlato, Francesco<\/a><\/li>\n\n\n\n<li><a href=\"https:\/\/thetechnicalcorps.com\/?page_id=326\" data-type=\"page\" data-id=\"326\">Visconti, Ferdinando<\/a><\/li>\n\n\n\n<li><a href=\"https:\/\/thetechnicalcorps.com\/?page_id=61\" data-type=\"page\" data-id=\"61\">Zanardini, Giovanni<\/a><\/li>\n<\/ul>\n\n\n\n<p><strong>Modena school pupils<\/strong> (see Giordano, Bruno. 2008. <em>Gli ufficiali della scuola militare di Modena (1798-1820): una ricerca prosopografica<\/em>. Soveria Mannelli (CZ): Rubbettino for their biographies)<\/p>\n\n\n\n<ul class=\"wp-block-list\">\n<li>Armandi, Pietro Damiano<\/li>\n\n\n\n<li>Carandini, Giuseppe<\/li>\n\n\n\n<li>Nobili, Leopoldo see also: <a href=\"https:\/\/www.treccani.it\/enciclopedia\/leopoldo-nobili_(Dizionario-Biografico)\/\">https:\/\/www.treccani.it\/enciclopedia\/leopoldo-nobili_(Dizionario-Biografico)\/<\/a><\/li>\n\n\n\n<li>Paleocapa, Pietro see also: <a href=\"https:\/\/www.treccani.it\/enciclopedia\/pietro-paleocapa_(Dizionario-Biografico)\/\">https:\/\/www.treccani.it\/enciclopedia\/pietro-paleocapa_(Dizionario-Biografico)\/<\/a><\/li>\n\n\n\n<li>Rezia, Amanzio<\/li>\n\n\n\n<li>Sereni, Carlo see also: <a href=\"https:\/\/www.treccani.it\/enciclopedia\/carlo-sereni_(Dizionario-Biografico)\/\">https:\/\/www.treccani.it\/enciclopedia\/carlo-sereni_(Dizionario-Biografico)\/<\/a><\/li>\n\n\n\n<li>Vacani, Camillo<\/li>\n<\/ul>\n\n\n\n<p><strong>Officers in Italian service not hailing from Modena cited in the Chapter VI addenda<\/strong><\/p>\n\n\n\n<ul class=\"wp-block-list\">\n<li><a href=\"https:\/\/thetechnicalcorps.com\/?page_id=353\" data-type=\"page\" data-id=\"353\">Aud\u00e9, Giuseppe<\/a><\/li>\n\n\n\n<li><a href=\"https:\/\/thetechnicalcorps.com\/?page_id=356\" data-type=\"page\" data-id=\"356\">Bernardi, Ottavio<\/a><\/li>\n\n\n\n<li><a href=\"https:\/\/thetechnicalcorps.com\/?page_id=359\" data-type=\"page\" data-id=\"359\">Casella, Calcedonio<\/a><\/li>\n\n\n\n<li><a href=\"https:\/\/thetechnicalcorps.com\/?page_id=362\" data-type=\"page\" data-id=\"362\">Cl\u00e9ment, Christophe<\/a><\/li>\n\n\n\n<li><a href=\"https:\/\/thetechnicalcorps.com\/?page_id=366\" data-type=\"page\" data-id=\"366\">Cosenz, Luigi<\/a><\/li>\n\n\n\n<li><a href=\"https:\/\/thetechnicalcorps.com\/?page_id=369\" data-type=\"page\" data-id=\"369\">Costanzo, Francesco<\/a><\/li>\n\n\n\n<li><a href=\"https:\/\/thetechnicalcorps.com\/?page_id=372\" data-type=\"page\" data-id=\"372\">Delfini, Luigi<\/a><\/li>\n\n\n\n<li><a href=\"https:\/\/thetechnicalcorps.com\/?page_id=375\" data-type=\"page\" data-id=\"375\">Donegani, Giuseppe<\/a><\/li>\n\n\n\n<li><a href=\"https:\/\/thetechnicalcorps.com\/?page_id=378\" data-type=\"page\" data-id=\"378\">Feroggio, Angelo<\/a><\/li>\n\n\n\n<li><a href=\"https:\/\/thetechnicalcorps.com\/?page_id=381\" data-type=\"page\" data-id=\"381\">Ferrari, Francesco<\/a><\/li>\n\n\n\n<li><a href=\"https:\/\/thetechnicalcorps.com\/?page_id=384\" data-type=\"page\" data-id=\"384\">Giannetti, Giuseppe<\/a><\/li>\n\n\n\n<li><a href=\"https:\/\/thetechnicalcorps.com\/?page_id=387\" data-type=\"page\" data-id=\"387\">La Grennelais, Guglielmo de Cesbron de<\/a><\/li>\n\n\n\n<li><a href=\"https:\/\/thetechnicalcorps.com\/?page_id=393\" data-type=\"page\" data-id=\"393\">Lasinio, Basilio<\/a><\/li>\n\n\n\n<li><a href=\"https:\/\/thetechnicalcorps.com\/?page_id=390\" data-type=\"page\" data-id=\"390\">Litta Biumi, Carlo Antonio<\/a><\/li>\n\n\n\n<li><a href=\"https:\/\/thetechnicalcorps.com\/?page_id=396\" data-type=\"page\" data-id=\"396\">Lojacono, Gennaro<\/a><\/li>\n\n\n\n<li><a href=\"https:\/\/thetechnicalcorps.com\/?page_id=417\" data-type=\"page\" data-id=\"417\">Millo, Gaetano<\/a><\/li>\n\n\n\n<li><a href=\"https:\/\/thetechnicalcorps.com\/?page_id=399\" data-type=\"page\" data-id=\"399\">Montemayor, Lorenzo<\/a><\/li>\n\n\n\n<li><a href=\"https:\/\/thetechnicalcorps.com\/?page_id=402\" data-type=\"page\" data-id=\"402\">Neri, Francesco<\/a><\/li>\n\n\n\n<li><a href=\"https:\/\/thetechnicalcorps.com\/?page_id=405\" data-type=\"page\" data-id=\"405\">Rolla, Enrico<\/a><\/li>\n\n\n\n<li><a href=\"https:\/\/thetechnicalcorps.com\/?page_id=408\" data-type=\"page\" data-id=\"408\">Tognoli, Cristino<\/a><\/li>\n\n\n\n<li><a href=\"https:\/\/thetechnicalcorps.com\/?page_id=411\" data-type=\"page\" data-id=\"411\">Vinci, Giovanni Battista<\/a><\/li>\n\n\n\n<li><a href=\"https:\/\/thetechnicalcorps.com\/?page_id=414\" data-type=\"page\" data-id=\"414\">Viv\u00e8s, Jean<\/a><\/li>\n<\/ul>\n\n\n\n<p><\/p>\n","protected":false},"excerpt":{"rendered":"<p>List of technical corps officers cited in the book who served during the Revolutionary and Napoleonic Wars Officers in French service (see mainly: Six, Georges. 1934. Dictionnaire Biographique des g\u00e9n\u00e9raux et amiraux fran\u00e7ais de la R\u00e9volution et de l\u2019Empire (1792-1814). Paris: G. Saffroy, 2 vols.) Officers in Italian service not hailing from the Modena school [&hellip;]<\/p>\n","protected":false},"author":1,"featured_media":0,"parent":0,"menu_order":0,"comment_status":"closed","ping_status":"closed","template":"","meta":{"footnotes":""},"class_list":["post-53","page","type-page","status-publish","hentry"],"_links":{"self":[{"href":"https:\/\/thetechnicalcorps.com\/index.php?rest_route=\/wp\/v2\/pages\/53","targetHints":{"allow":["GET"]}}],"collection":[{"href":"https:\/\/thetechnicalcorps.com\/index.php?rest_route=\/wp\/v2\/pages"}],"about":[{"href":"https:\/\/thetechnicalcorps.com\/index.php?rest_route=\/wp\/v2\/types\/page"}],"author":[{"embeddable":true,"href":"https:\/\/thetechnicalcorps.com\/index.php?rest_route=\/wp\/v2\/users\/1"}],"replies":[{"embeddable":true,"href":"https:\/\/thetechnicalcorps.com\/index.php?rest_route=%2Fwp%2Fv2%2Fcomments&post=53"}],"version-history":[{"count":5,"href":"https:\/\/thetechnicalcorps.com\/index.php?rest_route=\/wp\/v2\/pages\/53\/revisions"}],"predecessor-version":[{"id":423,"href":"https:\/\/thetechnicalcorps.com\/index.php?rest_route=\/wp\/v2\/pages\/53\/revisions\/423"}],"wp:attachment":[{"href":"https:\/\/thetechnicalcorps.com\/index.php?rest_route=%2Fwp%2Fv2%2Fmedia&parent=53"}],"curies":[{"name":"wp","href":"https:\/\/api.w.org\/{rel}","templated":true}]}}